{"id":286,"date":"2018-10-28T10:06:47","date_gmt":"2018-10-28T10:06:47","guid":{"rendered":"https:\/\/www.energeticthemes.com\/themes\/sada\/?page_id=286"},"modified":"2022-12-27T18:54:59","modified_gmt":"2022-12-27T18:54:59","slug":"home","status":"publish","type":"page","link":"https:\/\/jrclaw.com.br\/news\/","title":{"rendered":"Home"},"content":{"rendered":"<div class=\"energetic-core-parts-posts-carousel alignwide \" style=\"margin-bottom:58px;\"><div class=\"energetic-core-parts-posts-carousel-inner\">\r\n            <div class=\"slider-call entry-carousel blog-post blog-slider blog-slider-munfarid-1\" data-slick=\"{\r\n            &quot;arrows&quot;:true,\r\n            &quot;dots&quot;:false,\r\n            &quot;slidesToShow&quot;:1,\r\n            &quot;infinite&quot;:true,\r\n            &quot;speed&quot;:1000,\r\n            &quot;autoplay&quot;:true,\r\n            &quot;autoplaySpeed&quot;:10000,\r\n            &quot;variableWidth&quot;: true,\r\n            &quot;responsive&quot;: [{&quot;breakpoint&quot;:992,&quot;settings&quot;:{&quot;variableWidth&quot;: false,&quot;variableWidth&quot;: false}}] \r\n        }\"><article><div class=\"entry-media\"><img loading=\"lazy\" decoding=\"async\" width=\"768\" height=\"555\" src=\"https:\/\/jrclaw.com.br\/news\/wp-content\/uploads\/2025\/04\/Jean-Cioffi-Fuzileiro-Naval-Agronegocio-Direito-Recuperacao-judicial-768x555.png\" class=\"attachment-medium_large size-medium_large wp-post-image\" alt=\"Jean Cioffi-Fuzileiro Naval-Agronegocio-Direito-Recuperacao-judicial\" srcset=\"https:\/\/jrclaw.com.br\/news\/wp-content\/uploads\/2025\/04\/Jean-Cioffi-Fuzileiro-Naval-Agronegocio-Direito-Recuperacao-judicial-768x555.png 768w, https:\/\/jrclaw.com.br\/news\/wp-content\/uploads\/2025\/04\/Jean-Cioffi-Fuzileiro-Naval-Agronegocio-Direito-Recuperacao-judicial-300x217.png 300w, https:\/\/jrclaw.com.br\/news\/wp-content\/uploads\/2025\/04\/Jean-Cioffi-Fuzileiro-Naval-Agronegocio-Direito-Recuperacao-judicial-1024x740.png 1024w, https:\/\/jrclaw.com.br\/news\/wp-content\/uploads\/2025\/04\/Jean-Cioffi-Fuzileiro-Naval-Agronegocio-Direito-Recuperacao-judicial-1536x1109.png 1536w, https:\/\/jrclaw.com.br\/news\/wp-content\/uploads\/2025\/04\/Jean-Cioffi-Fuzileiro-Naval-Agronegocio-Direito-Recuperacao-judicial.png 1656w\" sizes=\"auto, (max-width: 768px) 100vw, 768px\" \/><\/div><div class=\"entry-content-wrapper\"><div class=\"entry-meta-top\"><span class=\"entry-meta-data\">6 de Abril, 2025<\/span><\/div><h4 class=\"entry-title\"><a href=\"https:\/\/jrclaw.com.br\/news\/de-fuzileiro-naval-a-referencia-no-direito-empresarial-a-jornada-de-jean-rodrigo-cioffi\/\">De Fuzileiro Naval a Refer\u00eancia no Direito Empresarial: A Jornada de Jean Rodrigo Cioffi<\/a><\/h4><div class=\"entry-content\"><p>De Fuzileiro Naval a Refer\u00eancia no Direito Empresarial: A Jornada de Jean Rodrigo Cioffi<\/p>\n<\/div><a class=\"entry-read-more\" href=\"https:\/\/jrclaw.com.br\/news\/de-fuzileiro-naval-a-referencia-no-direito-empresarial-a-jornada-de-jean-rodrigo-cioffi\/\">Leia mais! <i class=\"fas fa-long-arrow-alt-right ml-1\" aria-hidden=\"true\"><\/i><\/a><\/div><\/article><article><div class=\"entry-media\"><img loading=\"lazy\" decoding=\"async\" width=\"768\" height=\"458\" src=\"https:\/\/jrclaw.com.br\/news\/wp-content\/uploads\/2024\/12\/BF-768x458.png\" class=\"attachment-medium_large size-medium_large wp-post-image\" alt=\"B&amp;F Agro, de gr\u00e3os e insumos, entra em recupera\u00e7\u00e3o judicial\" srcset=\"https:\/\/jrclaw.com.br\/news\/wp-content\/uploads\/2024\/12\/BF-768x458.png 768w, https:\/\/jrclaw.com.br\/news\/wp-content\/uploads\/2024\/12\/BF-300x179.png 300w, https:\/\/jrclaw.com.br\/news\/wp-content\/uploads\/2024\/12\/BF-1024x610.png 1024w, https:\/\/jrclaw.com.br\/news\/wp-content\/uploads\/2024\/12\/BF-600x358.png 600w, https:\/\/jrclaw.com.br\/news\/wp-content\/uploads\/2024\/12\/BF.png 1258w\" sizes=\"auto, (max-width: 768px) 100vw, 768px\" \/><\/div><div class=\"entry-content-wrapper\"><div class=\"entry-meta-top\"><span class=\"entry-meta-data\">26 de Dezembro, 2024<\/span><\/div><h4 class=\"entry-title\"><a href=\"https:\/\/jrclaw.com.br\/news\/bef-agro-de-graos-e-insumos-entra-em-recuperacao-judicial\/\">B&amp;F Agro, de gr\u00e3os e insumos, entra em recupera\u00e7\u00e3o judicial<\/a><\/h4><div class=\"entry-content\"><p>Processo envolve d\u00edvidas de R$ 382 milh\u00f5es do grupo que tem sede em Cianorte,&hellip;<\/p>\n<\/div><a class=\"entry-read-more\" href=\"https:\/\/jrclaw.com.br\/news\/bef-agro-de-graos-e-insumos-entra-em-recuperacao-judicial\/\">Leia mais! <i class=\"fas fa-long-arrow-alt-right ml-1\" aria-hidden=\"true\"><\/i><\/a><\/div><\/article><article><div class=\"entry-media\"><img loading=\"lazy\" decoding=\"async\" width=\"768\" height=\"362\" src=\"https:\/\/jrclaw.com.br\/news\/wp-content\/uploads\/2023\/04\/O-que-e-justica-restaurativa-768x362.jpg\" class=\"attachment-medium_large size-medium_large wp-post-image\" alt=\"\" srcset=\"https:\/\/jrclaw.com.br\/news\/wp-content\/uploads\/2023\/04\/O-que-e-justica-restaurativa-768x362.jpg 768w, https:\/\/jrclaw.com.br\/news\/wp-content\/uploads\/2023\/04\/O-que-e-justica-restaurativa-300x141.jpg 300w, https:\/\/jrclaw.com.br\/news\/wp-content\/uploads\/2023\/04\/O-que-e-justica-restaurativa-1024x483.jpg 1024w, https:\/\/jrclaw.com.br\/news\/wp-content\/uploads\/2023\/04\/O-que-e-justica-restaurativa-600x283.jpg 600w, https:\/\/jrclaw.com.br\/news\/wp-content\/uploads\/2023\/04\/O-que-e-justica-restaurativa.jpg 1400w\" sizes=\"auto, (max-width: 768px) 100vw, 768px\" \/><\/div><div class=\"entry-content-wrapper\"><div class=\"entry-meta-top\"><span class=\"entry-meta-data\">5 de Abril, 2023<\/span><\/div><h4 class=\"entry-title\"><a href=\"https:\/\/jrclaw.com.br\/news\/comunicado\/\">Comunicado<\/a><\/h4><div class=\"entry-content\"><p>Justi\u00e7a &#8211; Peticionamento Indispon\u00edvel no Brasil entre 06 a 09\/04\/2023. O Portal da Justi\u00e7a&hellip;<\/p>\n<\/div><a class=\"entry-read-more\" href=\"https:\/\/jrclaw.com.br\/news\/comunicado\/\">Leia mais! <i class=\"fas fa-long-arrow-alt-right ml-1\" aria-hidden=\"true\"><\/i><\/a><\/div><\/article><article><div class=\"entry-media\"><img loading=\"lazy\" decoding=\"async\" width=\"768\" height=\"384\" src=\"https:\/\/jrclaw.com.br\/news\/wp-content\/uploads\/2023\/03\/maquinas-agricolas-soja-agronegocio-no-Brasil-768x384.jpg\" class=\"attachment-medium_large size-medium_large wp-post-image\" alt=\"\" srcset=\"https:\/\/jrclaw.com.br\/news\/wp-content\/uploads\/2023\/03\/maquinas-agricolas-soja-agronegocio-no-Brasil-768x384.jpg 768w, https:\/\/jrclaw.com.br\/news\/wp-content\/uploads\/2023\/03\/maquinas-agricolas-soja-agronegocio-no-Brasil-300x150.jpg 300w, https:\/\/jrclaw.com.br\/news\/wp-content\/uploads\/2023\/03\/maquinas-agricolas-soja-agronegocio-no-Brasil-600x300.jpg 600w, https:\/\/jrclaw.com.br\/news\/wp-content\/uploads\/2023\/03\/maquinas-agricolas-soja-agronegocio-no-Brasil.jpg 1024w\" sizes=\"auto, (max-width: 768px) 100vw, 768px\" \/><\/div><div class=\"entry-content-wrapper\"><div class=\"entry-meta-top\"><span class=\"entry-meta-data\">3 de Mar\u00e7o, 2023<\/span><\/div><h4 class=\"entry-title\"><a href=\"https:\/\/jrclaw.com.br\/news\/comunicar-para-sustentar-a-importancia-da-comunicacao-no-agronegocio-brasileiro\/\">Comunicar para Sustentar: A Import\u00e2ncia da Comunica\u00e7\u00e3o no Agroneg\u00f3cio Brasileiro<\/a><\/h4><div class=\"entry-content\"><p>O agroneg\u00f3cio \u00e9 um setor fundamental para a economia brasileira e mundial. A atividade&hellip;<\/p>\n<\/div><a class=\"entry-read-more\" href=\"https:\/\/jrclaw.com.br\/news\/comunicar-para-sustentar-a-importancia-da-comunicacao-no-agronegocio-brasileiro\/\">Leia mais! <i class=\"fas fa-long-arrow-alt-right ml-1\" aria-hidden=\"true\"><\/i><\/a><\/div><\/article><\/div><\/div>\r\n        <\/div>\n\n\n<div class=\"wp-block-columns alignwide has-2-columns is-layout-flex wp-container-core-columns-is-layout-9d6595d7 wp-block-columns-is-layout-flex\">\n<div class=\"wp-block-column is-layout-flow wp-block-column-is-layout-flow\" style=\"margin-bottom:53px\">\n<h4 class=\"alignwide wp-block-heading\" style=\"margin-bottom:24px\">Post recentes<\/h4>\n\n\n<div class=\"energetic-core-parts-posts container  alignwide\" style=\"\"><div class=\"row blog-post is-grid stander-post-style\"><div class=\"col-lg-6\"><article id=\"post-2139\" class=\"clearfix post-2139 post type-post status-publish format-standard has-post-thumbnail hentry category-principal category-agronegocio category-noticia category-recuperacao-judicial tag-agronegocio tag-direito tag-familia tag-fuzileiro-naval tag-jean-cioffi tag-recuperacao-judicial\"><div class=\"entry-media\"><a href=\"https:\/\/jrclaw.com.br\/news\/de-fuzileiro-naval-a-referencia-no-direito-empresarial-a-jornada-de-jean-rodrigo-cioffi\/\" rel=\"bookmark\"><img loading=\"lazy\" decoding=\"async\" width=\"1656\" height=\"1196\" src=\"https:\/\/jrclaw.com.br\/news\/wp-content\/uploads\/2025\/04\/Jean-Cioffi-Fuzileiro-Naval-Agronegocio-Direito-Recuperacao-judicial.png\" class=\"attachment- size- wp-post-image\" alt=\"Jean Cioffi-Fuzileiro Naval-Agronegocio-Direito-Recuperacao-judicial\" srcset=\"https:\/\/jrclaw.com.br\/news\/wp-content\/uploads\/2025\/04\/Jean-Cioffi-Fuzileiro-Naval-Agronegocio-Direito-Recuperacao-judicial.png 1656w, https:\/\/jrclaw.com.br\/news\/wp-content\/uploads\/2025\/04\/Jean-Cioffi-Fuzileiro-Naval-Agronegocio-Direito-Recuperacao-judicial-300x217.png 300w, https:\/\/jrclaw.com.br\/news\/wp-content\/uploads\/2025\/04\/Jean-Cioffi-Fuzileiro-Naval-Agronegocio-Direito-Recuperacao-judicial-1024x740.png 1024w, https:\/\/jrclaw.com.br\/news\/wp-content\/uploads\/2025\/04\/Jean-Cioffi-Fuzileiro-Naval-Agronegocio-Direito-Recuperacao-judicial-768x555.png 768w, https:\/\/jrclaw.com.br\/news\/wp-content\/uploads\/2025\/04\/Jean-Cioffi-Fuzileiro-Naval-Agronegocio-Direito-Recuperacao-judicial-1536x1109.png 1536w\" sizes=\"auto, (max-width: 1656px) 100vw, 1656px\" \/><\/a><\/div><div class=\"entry-content-wrapper\"><div class=\"entry-meta-top\"><span class=\"entry-meta-data\">6 de Abril, 2025<\/span><span class=\"entry-meta-category\"><a href=\"https:\/\/jrclaw.com.br\/news\/category\/principal\/\" rel=\"category tag\">Principal<\/a>&nbsp;<a href=\"https:\/\/jrclaw.com.br\/news\/category\/agronegocio\/\" rel=\"category tag\">Agroneg\u00f3cio<\/a>&nbsp;<a href=\"https:\/\/jrclaw.com.br\/news\/category\/noticia\/\" rel=\"category tag\">Not\u00edcia<\/a>&nbsp;<a href=\"https:\/\/jrclaw.com.br\/news\/category\/recuperacao-judicial\/\" rel=\"category tag\">Recupera\u00e7\u00e3o judicial<\/a><\/span><\/div><h4 class=\"entry-title\"><a href=\"https:\/\/jrclaw.com.br\/news\/de-fuzileiro-naval-a-referencia-no-direito-empresarial-a-jornada-de-jean-rodrigo-cioffi\/\">De Fuzileiro Naval a Refer\u00eancia no Direito Empresarial: A Jornada de Jean Rodrigo Cioffi<\/a><\/h4><div class=\"entry-excerpt\"><p>De Fuzileiro Naval a Refer\u00eancia no Direito Empresarial: A Jornada de Jean Rodrigo&hellip;<\/p>\n<\/div><\/div><\/article><\/div><div class=\"col-lg-6\"><article id=\"post-2131\" class=\"clearfix post-2131 post type-post status-publish format-standard has-post-thumbnail hentry category-agronegocio category-noticia category-recuperacao-judicial tag-agro tag-agronegocio tag-jean-cioffi tag-recuperacao-judicial tag-safra\"><div class=\"entry-media\"><a href=\"https:\/\/jrclaw.com.br\/news\/crise-dos-insumos-empresas-em-recuperacao-judicial-tem-mais-de-r-9-bilhoes-em-dividas\/\" rel=\"bookmark\"><img loading=\"lazy\" decoding=\"async\" width=\"1664\" height=\"1106\" src=\"https:\/\/jrclaw.com.br\/news\/wp-content\/uploads\/2025\/04\/agrp.png\" class=\"attachment- size- wp-post-image\" alt=\"Crise dos insumos: Empresas em recupera\u00e7\u00e3o judicial t\u00eam mais de R$ 9 bilh\u00f5es em d\u00edvidas\" srcset=\"https:\/\/jrclaw.com.br\/news\/wp-content\/uploads\/2025\/04\/agrp.png 1664w, https:\/\/jrclaw.com.br\/news\/wp-content\/uploads\/2025\/04\/agrp-300x199.png 300w, https:\/\/jrclaw.com.br\/news\/wp-content\/uploads\/2025\/04\/agrp-1024x681.png 1024w, https:\/\/jrclaw.com.br\/news\/wp-content\/uploads\/2025\/04\/agrp-768x510.png 768w, https:\/\/jrclaw.com.br\/news\/wp-content\/uploads\/2025\/04\/agrp-1536x1021.png 1536w, https:\/\/jrclaw.com.br\/news\/wp-content\/uploads\/2025\/04\/agrp-600x399.png 600w\" sizes=\"auto, (max-width: 1664px) 100vw, 1664px\" \/><\/a><\/div><div class=\"entry-content-wrapper\"><div class=\"entry-meta-top\"><span class=\"entry-meta-data\">18 de Mar\u00e7o, 2025<\/span><span class=\"entry-meta-category\"><a href=\"https:\/\/jrclaw.com.br\/news\/category\/agronegocio\/\" rel=\"category tag\">Agroneg\u00f3cio<\/a>&nbsp;<a href=\"https:\/\/jrclaw.com.br\/news\/category\/noticia\/\" rel=\"category tag\">Not\u00edcia<\/a>&nbsp;<a href=\"https:\/\/jrclaw.com.br\/news\/category\/recuperacao-judicial\/\" rel=\"category tag\">Recupera\u00e7\u00e3o judicial<\/a><\/span><\/div><h4 class=\"entry-title\"><a href=\"https:\/\/jrclaw.com.br\/news\/crise-dos-insumos-empresas-em-recuperacao-judicial-tem-mais-de-r-9-bilhoes-em-dividas\/\">Crise dos insumos: Empresas em recupera\u00e7\u00e3o judicial t\u00eam mais de R$ 9 bilh\u00f5es em d\u00edvidas<\/a><\/h4><div class=\"entry-excerpt\"><p>Adversidades v\u00e3o al\u00e9m do caso da distribuidora Agrogalaxy e ainda podem persistir pelas&hellip;<\/p>\n<\/div><\/div><\/article><\/div><div class=\"col-lg-6\"><article id=\"post-2126\" class=\"clearfix post-2126 post type-post status-publish format-standard has-post-thumbnail hentry category-recuperacao-judicial category-agronegocio category-principal tag-agronegocio tag-bf-agro tag-direito tag-dividas tag-grao tag-recuperacao-judicial\"><div class=\"entry-media\"><a href=\"https:\/\/jrclaw.com.br\/news\/bef-agro-de-graos-e-insumos-entra-em-recuperacao-judicial\/\" rel=\"bookmark\"><img loading=\"lazy\" decoding=\"async\" width=\"1258\" height=\"750\" src=\"https:\/\/jrclaw.com.br\/news\/wp-content\/uploads\/2024\/12\/BF.png\" class=\"attachment- size- wp-post-image\" alt=\"B&amp;F Agro, de gr\u00e3os e insumos, entra em recupera\u00e7\u00e3o judicial\" srcset=\"https:\/\/jrclaw.com.br\/news\/wp-content\/uploads\/2024\/12\/BF.png 1258w, https:\/\/jrclaw.com.br\/news\/wp-content\/uploads\/2024\/12\/BF-300x179.png 300w, https:\/\/jrclaw.com.br\/news\/wp-content\/uploads\/2024\/12\/BF-1024x610.png 1024w, https:\/\/jrclaw.com.br\/news\/wp-content\/uploads\/2024\/12\/BF-768x458.png 768w, https:\/\/jrclaw.com.br\/news\/wp-content\/uploads\/2024\/12\/BF-600x358.png 600w\" sizes=\"auto, (max-width: 1258px) 100vw, 1258px\" \/><\/a><\/div><div class=\"entry-content-wrapper\"><div class=\"entry-meta-top\"><span class=\"entry-meta-data\">26 de Dezembro, 2024<\/span><span class=\"entry-meta-category\"><a href=\"https:\/\/jrclaw.com.br\/news\/category\/recuperacao-judicial\/\" rel=\"category tag\">Recupera\u00e7\u00e3o judicial<\/a>&nbsp;<a href=\"https:\/\/jrclaw.com.br\/news\/category\/agronegocio\/\" rel=\"category tag\">Agroneg\u00f3cio<\/a>&nbsp;<a href=\"https:\/\/jrclaw.com.br\/news\/category\/principal\/\" rel=\"category tag\">Principal<\/a><\/span><\/div><h4 class=\"entry-title\"><a href=\"https:\/\/jrclaw.com.br\/news\/bef-agro-de-graos-e-insumos-entra-em-recuperacao-judicial\/\">B&amp;F Agro, de gr\u00e3os e insumos, entra em recupera\u00e7\u00e3o judicial<\/a><\/h4><div class=\"entry-excerpt\"><p>Processo envolve d\u00edvidas de R$ 382 milh\u00f5es do grupo que tem sede em&hellip;<\/p>\n<\/div><\/div><\/article><\/div><div class=\"col-lg-6\"><article id=\"post-2116\" class=\"clearfix post-2116 post type-post status-publish format-standard has-post-thumbnail hentry category-recuperacao-judicial tag-recuperacao-judicial tag-varejo\"><div class=\"entry-media\"><a href=\"https:\/\/jrclaw.com.br\/news\/blindagem-empresarial-no-varejo\/\" rel=\"bookmark\"><img loading=\"lazy\" decoding=\"async\" width=\"753\" height=\"425\" src=\"https:\/\/jrclaw.com.br\/news\/wp-content\/uploads\/2024\/07\/3-tecnologias-para-atender-as-dores-do-varejo-brasileiro-753x425-1.jpg\" class=\"attachment- size- wp-post-image\" alt=\"O varejo brasileiro enfrenta um per\u00edodo turbulento, destacado pela ascens\u00e3o em pedidos de recupera\u00e7\u00e3o judicial. Como CEO da JRCLaw e l\u00edder especializado em recupera\u00e7\u00e3o judicial e agroneg\u00f3cio, vejo uma oportunidade cr\u00edtica para empresas reestruturarem-se diante desses desafios.\" srcset=\"https:\/\/jrclaw.com.br\/news\/wp-content\/uploads\/2024\/07\/3-tecnologias-para-atender-as-dores-do-varejo-brasileiro-753x425-1.jpg 753w, https:\/\/jrclaw.com.br\/news\/wp-content\/uploads\/2024\/07\/3-tecnologias-para-atender-as-dores-do-varejo-brasileiro-753x425-1-300x169.jpg 300w, https:\/\/jrclaw.com.br\/news\/wp-content\/uploads\/2024\/07\/3-tecnologias-para-atender-as-dores-do-varejo-brasileiro-753x425-1-600x339.jpg 600w\" sizes=\"auto, (max-width: 753px) 100vw, 753px\" \/><\/a><\/div><div class=\"entry-content-wrapper\"><div class=\"entry-meta-top\"><span class=\"entry-meta-data\">19 de Julho, 2024<\/span><span class=\"entry-meta-category\"><a href=\"https:\/\/jrclaw.com.br\/news\/category\/recuperacao-judicial\/\" rel=\"category tag\">Recupera\u00e7\u00e3o judicial<\/a><\/span><\/div><h4 class=\"entry-title\"><a href=\"https:\/\/jrclaw.com.br\/news\/blindagem-empresarial-no-varejo\/\">Blindagem Empresarial no Varejo<\/a><\/h4><div class=\"entry-excerpt\"><p>Estrat\u00e9gias de Sobreviv\u00eancia com Jean Cioffi da JRCLaw<\/p>\n<\/div><\/div><\/article><\/div><div class=\"col-lg-6\"><article id=\"post-2107\" class=\"clearfix post-2107 post type-post status-publish format-standard has-post-thumbnail hentry category-noticia category-saf tag-futebol tag-recuperacao-judicial tag-saf\"><div class=\"entry-media\"><a href=\"https:\/\/jrclaw.com.br\/news\/rio-branco-de-americana-consegue-tao-esperada-recuperacao-judicial\/\" rel=\"bookmark\"><img loading=\"lazy\" decoding=\"async\" width=\"900\" height=\"525\" src=\"https:\/\/jrclaw.com.br\/news\/wp-content\/uploads\/2024\/03\/Recuperacao-judicial-rio-branco.webp\" class=\"attachment- size- wp-post-image\" alt=\"o escrit\u00f3rio especializado nessa \u00e1rea e liderado pelo advogado Jean Cioffi, atua em reestrutura\u00e7\u00e3o de empresas t\u00eam como vis\u00e3o abrangente e visitou empresas e eventos da NBA e Futebol Americano para conhecer e inspirar alternativas de vanguarda no business do futebol brasileiro dentro da realidade nacional.\" srcset=\"https:\/\/jrclaw.com.br\/news\/wp-content\/uploads\/2024\/03\/Recuperacao-judicial-rio-branco.webp 900w, https:\/\/jrclaw.com.br\/news\/wp-content\/uploads\/2024\/03\/Recuperacao-judicial-rio-branco-300x175.webp 300w, https:\/\/jrclaw.com.br\/news\/wp-content\/uploads\/2024\/03\/Recuperacao-judicial-rio-branco-768x448.webp 768w, https:\/\/jrclaw.com.br\/news\/wp-content\/uploads\/2024\/03\/Recuperacao-judicial-rio-branco-600x350.webp 600w\" sizes=\"auto, (max-width: 900px) 100vw, 900px\" \/><\/a><\/div><div class=\"entry-content-wrapper\"><div class=\"entry-meta-top\"><span class=\"entry-meta-data\">14 de Mar\u00e7o, 2024<\/span><span class=\"entry-meta-category\"><a href=\"https:\/\/jrclaw.com.br\/news\/category\/noticia\/\" rel=\"category tag\">Not\u00edcia<\/a>&nbsp;<a href=\"https:\/\/jrclaw.com.br\/news\/category\/saf\/\" rel=\"category tag\">SAF<\/a><\/span><\/div><h4 class=\"entry-title\"><a href=\"https:\/\/jrclaw.com.br\/news\/rio-branco-de-americana-consegue-tao-esperada-recuperacao-judicial\/\">Rio Branco de Americana consegue t\u00e3o esperada recupera\u00e7\u00e3o judicial<\/a><\/h4><div class=\"entry-excerpt\"><p>O escrit\u00f3rio especializado nessa \u00e1rea e liderado pelo advogado Jean Cioffi, atua em&hellip;<\/p>\n<\/div><\/div><\/article><\/div><div class=\"col-lg-6\"><article id=\"post-2103\" class=\"clearfix post-2103 post type-post status-publish format-standard has-post-thumbnail hentry category-noticia tag-ddiavanti tag-dividas tag-logistica tag-recuperacao-judicial\"><div class=\"entry-media\"><a href=\"https:\/\/jrclaw.com.br\/news\/grupo-de-logistica-diavanti-entra-em-recuperacao-judicial-com-dividas-de-r-50-milhoes\/\" rel=\"bookmark\"><img loading=\"lazy\" decoding=\"async\" width=\"1200\" height=\"630\" src=\"https:\/\/jrclaw.com.br\/news\/wp-content\/uploads\/2024\/03\/Grupo-Diavanti.png\" class=\"attachment- size- wp-post-image\" alt=\"Grupo de log\u00edstica Diavanti entra em recupera\u00e7\u00e3o judicial com d\u00edvidas de R$ 50 milh\u00f5es\" srcset=\"https:\/\/jrclaw.com.br\/news\/wp-content\/uploads\/2024\/03\/Grupo-Diavanti.png 1200w, https:\/\/jrclaw.com.br\/news\/wp-content\/uploads\/2024\/03\/Grupo-Diavanti-300x158.png 300w, https:\/\/jrclaw.com.br\/news\/wp-content\/uploads\/2024\/03\/Grupo-Diavanti-1024x538.png 1024w, https:\/\/jrclaw.com.br\/news\/wp-content\/uploads\/2024\/03\/Grupo-Diavanti-768x403.png 768w, https:\/\/jrclaw.com.br\/news\/wp-content\/uploads\/2024\/03\/Grupo-Diavanti-600x315.png 600w\" sizes=\"auto, (max-width: 1200px) 100vw, 1200px\" \/><\/a><\/div><div class=\"entry-content-wrapper\"><div class=\"entry-meta-top\"><span class=\"entry-meta-data\">6 de Mar\u00e7o, 2024<\/span><span class=\"entry-meta-category\"><a href=\"https:\/\/jrclaw.com.br\/news\/category\/noticia\/\" rel=\"category tag\">Not\u00edcia<\/a><\/span><\/div><h4 class=\"entry-title\"><a href=\"https:\/\/jrclaw.com.br\/news\/grupo-de-logistica-diavanti-entra-em-recuperacao-judicial-com-dividas-de-r-50-milhoes\/\">Grupo de log\u00edstica Diavanti entra em recupera\u00e7\u00e3o judicial com d\u00edvidas de R$ 50 milh\u00f5es<\/a><\/h4><div class=\"entry-excerpt\"><p>A Justi\u00e7a de S\u00e3o Paulo aprovou o pedido de recupera\u00e7\u00e3o judicial do Grupo&hellip;<\/p>\n<\/div><\/div><\/article><\/div><div class=\"text-center w-100\"><a class=\"btn\" href=\"https:\/\/jrclaw.com.br\/news\/todos-os-post\/\"> Veja mais <i class=\"fa fa-long-arrow-right\" aria-hidden=\"true\"><\/i><\/a><\/div><\/div><\/div><\/div>\n<\/div>\n\n\n<ul style=\"font-size:10px;\" class=\"wp-block-categories-list wp-block-categories\">\t<li class=\"cat-item cat-item-62\"><a href=\"https:\/\/jrclaw.com.br\/news\/category\/agronegocio\/\">Agroneg\u00f3cio<\/a>\n<\/li>\n\t<li class=\"cat-item cat-item-65\"><a href=\"https:\/\/jrclaw.com.br\/news\/category\/arbitragem\/\">Arbitragem<\/a>\n<\/li>\n\t<li class=\"cat-item cat-item-67\"><a href=\"https:\/\/jrclaw.com.br\/news\/category\/noticia\/\">Not\u00edcia<\/a>\n<\/li>\n\t<li class=\"cat-item cat-item-24\"><a href=\"https:\/\/jrclaw.com.br\/news\/category\/principal\/\">Principal<\/a>\n<\/li>\n\t<li class=\"cat-item cat-item-50\"><a href=\"https:\/\/jrclaw.com.br\/news\/category\/protecao-de-dados\/\">Prote\u00e7\u00e3o de Dados<\/a>\n<\/li>\n\t<li class=\"cat-item cat-item-66\"><a href=\"https:\/\/jrclaw.com.br\/news\/category\/recuperacao-judicial\/\">Recupera\u00e7\u00e3o judicial<\/a>\n<\/li>\n\t<li class=\"cat-item cat-item-63\"><a href=\"https:\/\/jrclaw.com.br\/news\/category\/saf\/\">SAF<\/a>\n<\/li>\n\t<li class=\"cat-item cat-item-1\"><a href=\"https:\/\/jrclaw.com.br\/news\/category\/sem-categoria\/\">Sem categoria<\/a>\n<\/li>\n\t<li class=\"cat-item cat-item-83\"><a href=\"https:\/\/jrclaw.com.br\/news\/category\/tecnologia\/\">Tecnologia<\/a>\n<\/li>\n\t<li class=\"cat-item cat-item-76\"><a href=\"https:\/\/jrclaw.com.br\/news\/category\/tributacao\/\">Tributa\u00e7\u00e3o<\/a>\n<\/li>\n<\/ul>\n\n\n<div class=\"wp-block-columns alignwide has-f-8-f-7-f-3-background-color has-background is-layout-flex wp-container-core-columns-is-layout-9d6595d7 wp-block-columns-is-layout-flex\" style=\"padding-top:60px;padding-bottom:60px;padding-left:60px;padding-right:60px;margin-bottom:80px;background-color:#f8f7f3;background-image:url(&quot;https:\/\/jrclaw.com.br\/news\/wp-content\/uploads\/2022\/10\/Background-JRCLaw.jpg&quot;);background-size:cover;background-position:center center;background-attachment:scroll\">\n<div class=\"wp-block-column is-layout-flow wp-block-column-is-layout-flow\">\n<div class=\"wp-block-column is-layout-flow wp-block-column-is-layout-flow\">\n<h3 class=\"has-white-color has-text-color wp-block-heading\" id=\"mce_6\" style=\"margin-bottom:10px\">Inscreva-se e fique informado<\/h3>\n\n\n\n<p class=\"has-white-color has-text-color\">Fique por dentro de novidades, artigos e mat\u00e9rias.<\/p>\n\n\n<div>\n<div class=\"wpcf7 no-js\" id=\"wpcf7-f2002-o1\" lang=\"pt-PT\" dir=\"ltr\" data-wpcf7-id=\"2002\">\n<div class=\"screen-reader-response\"><p role=\"status\" aria-live=\"polite\" aria-atomic=\"true\"><\/p> <ul><\/ul><\/div>\n<form action=\"\/news\/wp-json\/wp\/v2\/pages\/286#wpcf7-f2002-o1\" method=\"post\" class=\"wpcf7-form init\" aria-label=\"Formul\u00e1rio de contacto\" novalidate=\"novalidate\" data-status=\"init\">\n<div style=\"display: none;\">\n<input type=\"hidden\" name=\"_wpcf7\" value=\"2002\" \/>\n<input type=\"hidden\" name=\"_wpcf7_version\" value=\"6.0.6\" \/>\n<input type=\"hidden\" name=\"_wpcf7_locale\" value=\"pt_PT\" \/>\n<input type=\"hidden\" name=\"_wpcf7_unit_tag\" value=\"wpcf7-f2002-o1\" \/>\n<input type=\"hidden\" name=\"_wpcf7_container_post\" value=\"0\" \/>\n<input type=\"hidden\" name=\"_wpcf7_posted_data_hash\" value=\"\" \/>\n<\/div>\n<p><label> O seu email<br \/>\n<span class=\"wpcf7-form-control-wrap\" data-name=\"your-email\"><input size=\"40\" maxlength=\"400\" class=\"wpcf7-form-control wpcf7-email wpcf7-validates-as-required wpcf7-text wpcf7-validates-as-email\" aria-required=\"true\" aria-invalid=\"false\" value=\"\" type=\"email\" name=\"your-email\" \/><\/span> <\/label><br \/>\n<input class=\"wpcf7-form-control wpcf7-submit has-spinner\" type=\"submit\" value=\"Inscreva-se\" \/>\n<\/p><div class=\"wpcf7-response-output\" aria-hidden=\"true\"><\/div>\n<\/form>\n<\/div>\n<\/div>\n<\/div>\n\n\n\n<div class=\"wp-block-column is-layout-flow wp-block-column-is-layout-flow\"><\/div>\n<\/div>\n<\/div>\n","protected":false},"excerpt":{"rendered":"<p>Post recentes Inscreva-se e fique informado Fique por dentro de novidades, artigos e mat\u00e9rias.<\/p>\n","protected":false},"author":1,"featured_media":0,"parent":0,"menu_order":0,"comment_status":"closed","ping_status":"closed","template":"","meta":{"_monsterinsights_skip_tracking":false,"_monsterinsights_sitenote_active":false,"_monsterinsights_sitenote_note":"","_monsterinsights_sitenote_category":0,"footnotes":""},"class_list":["post-286","page","type-page","status-publish","hentry"],"_links":{"self":[{"href":"https:\/\/jrclaw.com.br\/news\/wp-json\/wp\/v2\/pages\/286","targetHints":{"allow":["GET"]}}],"collection":[{"href":"https:\/\/jrclaw.com.br\/news\/wp-json\/wp\/v2\/pages"}],"about":[{"href":"https:\/\/jrclaw.com.br\/news\/wp-json\/wp\/v2\/types\/page"}],"author":[{"embeddable":true,"href":"https:\/\/jrclaw.com.br\/news\/wp-json\/wp\/v2\/users\/1"}],"replies":[{"embeddable":true,"href":"https:\/\/jrclaw.com.br\/news\/wp-json\/wp\/v2\/comments?post=286"}],"version-history":[{"count":11,"href":"https:\/\/jrclaw.com.br\/news\/wp-json\/wp\/v2\/pages\/286\/revisions"}],"predecessor-version":[{"id":2052,"href":"https:\/\/jrclaw.com.br\/news\/wp-json\/wp\/v2\/pages\/286\/revisions\/2052"}],"wp:attachment":[{"href":"https:\/\/jrclaw.com.br\/news\/wp-json\/wp\/v2\/media?parent=286"}],"curies":[{"name":"wp","href":"https:\/\/api.w.org\/{rel}","templated":true}]}}